{"id":66,"date":"2013-08-22T21:58:23","date_gmt":"2013-08-22T18:58:23","guid":{"rendered":"http:\/\/jolli.fi\/?page_id=66"},"modified":"2016-09-22T15:57:48","modified_gmt":"2016-09-22T12:57:48","slug":"juhlateltta-vuokrattavana","status":"publish","type":"page","link":"https:\/\/jolli.fi\/?page_id=66","title":{"rendered":"Kivilintu"},"content":{"rendered":"<p><strong>Luonnollista eloa pihan &#8221;sisustukseen&#8221;<\/strong><\/p>\n<p>Kivilintuja on taas saatavilla. Teen n\u00e4it\u00e4 tarpeen mukaan niin, ett\u00e4 yleens\u00e4 on muutama varastossa odottamassa. Linnun hinta on 45\u20ac.<a href=\"http:\/\/jolli.fi\/wp-content\/uploads\/2013\/08\/Lintu1.jpg\"><img loading=\"lazy\" decoding=\"async\" class=\"alignright wp-image-88\" src=\"http:\/\/jolli.fi\/wp-content\/uploads\/2013\/08\/Lintu1.jpg\" alt=\"lintu1\" width=\"202\" height=\"302\" srcset=\"https:\/\/jolli.fi\/wp-content\/uploads\/2013\/08\/Lintu1.jpg 622w, https:\/\/jolli.fi\/wp-content\/uploads\/2013\/08\/Lintu1-201x300.jpg 201w\" sizes=\"auto, (max-width: 202px) 100vw, 202px\" \/><\/a><\/p>\n<p>Linnut ovat\u00a0uniikkeja, eik\u00e4 kahta samanlaista siis ole. Kiviparit on k\u00e4sin valikoitu jokaista lintua varten.<\/p>\n<p>Lintuja saa my\u00f6s ilman r\u00e4pyl\u00f6it\u00e4, jos haluaa k\u00e4ytt\u00e4\u00e4 niit\u00e4 esimerkiksi nurmikolla.<\/p>\n<p>Linnun saa kiinnitetty\u00e4 helposti yhdell\u00e4 rei\u00e4ll\u00e4 terassiin, kiveen, kallioon, jne. Tarvittaessa k\u00e4yn poraamassa kiinnitysrei\u00e4n Turun alueella pient\u00e4 korvausta vastaan.<\/p>\n<p>T\u00e4ss\u00e4 pari lintua esimerkiksi&#8230;<\/p>\n<p><a href=\"http:\/\/jolli.fi\/wp-content\/uploads\/2013\/08\/Lintu4.jpg\"><img loading=\"lazy\" decoding=\"async\" class=\"wp-image-91 alignleft\" src=\"http:\/\/jolli.fi\/wp-content\/uploads\/2013\/08\/Lintu4.jpg\" alt=\"lintu4\" width=\"150\" height=\"224\" srcset=\"https:\/\/jolli.fi\/wp-content\/uploads\/2013\/08\/Lintu4.jpg 622w, https:\/\/jolli.fi\/wp-content\/uploads\/2013\/08\/Lintu4-201x300.jpg 201w\" sizes=\"auto, (max-width: 150px) 100vw, 150px\" \/><\/a> <a href=\"http:\/\/jolli.fi\/wp-content\/uploads\/2013\/08\/Lintu3s.jpg\"><img loading=\"lazy\" decoding=\"async\" class=\"wp-image-90 alignleft\" src=\"http:\/\/jolli.fi\/wp-content\/uploads\/2013\/08\/Lintu3s.jpg\" alt=\"lintu3s\" width=\"150\" height=\"224\" srcset=\"https:\/\/jolli.fi\/wp-content\/uploads\/2013\/08\/Lintu3s.jpg 622w, https:\/\/jolli.fi\/wp-content\/uploads\/2013\/08\/Lintu3s-201x300.jpg 201w\" sizes=\"auto, (max-width: 150px) 100vw, 150px\" \/><\/a> <a href=\"http:\/\/jolli.fi\/wp-content\/uploads\/2013\/08\/Lintu2.jpg\"><img loading=\"lazy\" decoding=\"async\" class=\"wp-image-89 alignleft\" src=\"http:\/\/jolli.fi\/wp-content\/uploads\/2013\/08\/Lintu2.jpg\" alt=\"lintu2\" width=\"150\" height=\"224\" srcset=\"https:\/\/jolli.fi\/wp-content\/uploads\/2013\/08\/Lintu2.jpg 622w, https:\/\/jolli.fi\/wp-content\/uploads\/2013\/08\/Lintu2-201x300.jpg 201w\" sizes=\"auto, (max-width: 150px) 100vw, 150px\" \/><\/a><\/p>\n","protected":false},"excerpt":{"rendered":"<p>Luonnollista eloa pihan &#8221;sisustukseen&#8221; Kivilintuja on taas saatavilla. Teen n\u00e4it\u00e4 tarpeen mukaan niin, ett\u00e4 yleens\u00e4 on muutama varastossa odottamassa. Linnun hinta on 45\u20ac. Linnut ovat\u00a0uniikkeja, eik\u00e4 kahta samanlaista siis ole. Kiviparit on k\u00e4sin valikoitu jokaista lintua varten. Lintuja saa my\u00f6s &hellip; <a href=\"https:\/\/jolli.fi\/?page_id=66\">Lue loppuun <span class=\"meta-nav\">&rarr;<\/span><\/a><\/p>\n","protected":false},"author":1,"featured_media":88,"parent":0,"menu_order":1,"comment_status":"closed","ping_status":"closed","template":"","meta":{"footnotes":""},"class_list":["post-66","page","type-page","status-publish","has-post-thumbnail","hentry"],"_links":{"self":[{"href":"https:\/\/jolli.fi\/index.php?rest_route=\/wp\/v2\/pages\/66","targetHints":{"allow":["GET"]}}],"collection":[{"href":"https:\/\/jolli.fi\/index.php?rest_route=\/wp\/v2\/pages"}],"about":[{"href":"https:\/\/jolli.fi\/index.php?rest_route=\/wp\/v2\/types\/page"}],"author":[{"embeddable":true,"href":"https:\/\/jolli.fi\/index.php?rest_route=\/wp\/v2\/users\/1"}],"replies":[{"embeddable":true,"href":"https:\/\/jolli.fi\/index.php?rest_route=%2Fwp%2Fv2%2Fcomments&post=66"}],"version-history":[{"count":18,"href":"https:\/\/jolli.fi\/index.php?rest_route=\/wp\/v2\/pages\/66\/revisions"}],"predecessor-version":[{"id":96,"href":"https:\/\/jolli.fi\/index.php?rest_route=\/wp\/v2\/pages\/66\/revisions\/96"}],"wp:featuredmedia":[{"embeddable":true,"href":"https:\/\/jolli.fi\/index.php?rest_route=\/wp\/v2\/media\/88"}],"wp:attachment":[{"href":"https:\/\/jolli.fi\/index.php?rest_route=%2Fwp%2Fv2%2Fmedia&parent=66"}],"curies":[{"name":"wp","href":"https:\/\/api.w.org\/{rel}","templated":true}]}}