{"id":43,"date":"2012-09-24T15:29:34","date_gmt":"2012-09-24T12:29:34","guid":{"rendered":"http:\/\/jolli.fi\/?page_id=43"},"modified":"2015-05-07T12:27:33","modified_gmt":"2015-05-07T09:27:33","slug":"kotitalousvahennys","status":"publish","type":"page","link":"https:\/\/jolli.fi\/?page_id=43","title":{"rendered":"Kotitalousv\u00e4hennys"},"content":{"rendered":"<p>JOlli merkitty ennakkoperint\u00e4rekisteriin ja tekem\u00e4st\u00e4ni ty\u00f6st\u00e4 saa kotitalousv\u00e4hennyksen.<\/p>\n","protected":false},"excerpt":{"rendered":"<p>JOlli merkitty ennakkoperint\u00e4rekisteriin ja tekem\u00e4st\u00e4ni ty\u00f6st\u00e4 saa kotitalousv\u00e4hennyksen.<\/p>\n","protected":false},"author":1,"featured_media":0,"parent":0,"menu_order":3,"comment_status":"closed","ping_status":"closed","template":"","meta":{"footnotes":""},"class_list":["post-43","page","type-page","status-publish","hentry"],"_links":{"self":[{"href":"https:\/\/jolli.fi\/index.php?rest_route=\/wp\/v2\/pages\/43","targetHints":{"allow":["GET"]}}],"collection":[{"href":"https:\/\/jolli.fi\/index.php?rest_route=\/wp\/v2\/pages"}],"about":[{"href":"https:\/\/jolli.fi\/index.php?rest_route=\/wp\/v2\/types\/page"}],"author":[{"embeddable":true,"href":"https:\/\/jolli.fi\/index.php?rest_route=\/wp\/v2\/users\/1"}],"replies":[{"embeddable":true,"href":"https:\/\/jolli.fi\/index.php?rest_route=%2Fwp%2Fv2%2Fcomments&post=43"}],"version-history":[{"count":8,"href":"https:\/\/jolli.fi\/index.php?rest_route=\/wp\/v2\/pages\/43\/revisions"}],"predecessor-version":[{"id":45,"href":"https:\/\/jolli.fi\/index.php?rest_route=\/wp\/v2\/pages\/43\/revisions\/45"}],"wp:attachment":[{"href":"https:\/\/jolli.fi\/index.php?rest_route=%2Fwp%2Fv2%2Fmedia&parent=43"}],"curies":[{"name":"wp","href":"https:\/\/api.w.org\/{rel}","templated":true}]}}