{"id":26,"date":"2012-04-11T10:44:32","date_gmt":"2012-04-11T07:44:32","guid":{"rendered":"http:\/\/jolli.fi\/?page_id=26"},"modified":"2022-08-18T18:41:05","modified_gmt":"2022-08-18T15:41:05","slug":"muut-palvelut","status":"publish","type":"page","link":"https:\/\/jolli.fi\/?page_id=26","title":{"rendered":"Muut palvelut"},"content":{"rendered":"<p>K\u00e4yd\u00e4\u00e4n kaupassa tai kootaan huonekalut. Vaihdetaan vaikka lamput tai pistet\u00e4\u00e4n tauluja sein\u00e4\u00e4n. Kaikki k\u00e4y mukavasti ja helposti.<\/p>\n","protected":false},"excerpt":{"rendered":"<p>K\u00e4yd\u00e4\u00e4n kaupassa tai kootaan huonekalut. Vaihdetaan vaikka lamput tai pistet\u00e4\u00e4n tauluja sein\u00e4\u00e4n. Kaikki k\u00e4y mukavasti ja helposti.<\/p>\n","protected":false},"author":1,"featured_media":0,"parent":7,"menu_order":0,"comment_status":"closed","ping_status":"closed","template":"","meta":{"footnotes":""},"class_list":["post-26","page","type-page","status-publish","hentry"],"_links":{"self":[{"href":"https:\/\/jolli.fi\/index.php?rest_route=\/wp\/v2\/pages\/26","targetHints":{"allow":["GET"]}}],"collection":[{"href":"https:\/\/jolli.fi\/index.php?rest_route=\/wp\/v2\/pages"}],"about":[{"href":"https:\/\/jolli.fi\/index.php?rest_route=\/wp\/v2\/types\/page"}],"author":[{"embeddable":true,"href":"https:\/\/jolli.fi\/index.php?rest_route=\/wp\/v2\/users\/1"}],"replies":[{"embeddable":true,"href":"https:\/\/jolli.fi\/index.php?rest_route=%2Fwp%2Fv2%2Fcomments&post=26"}],"version-history":[{"count":5,"href":"https:\/\/jolli.fi\/index.php?rest_route=\/wp\/v2\/pages\/26\/revisions"}],"predecessor-version":[{"id":99,"href":"https:\/\/jolli.fi\/index.php?rest_route=\/wp\/v2\/pages\/26\/revisions\/99"}],"up":[{"embeddable":true,"href":"https:\/\/jolli.fi\/index.php?rest_route=\/wp\/v2\/pages\/7"}],"wp:attachment":[{"href":"https:\/\/jolli.fi\/index.php?rest_route=%2Fwp%2Fv2%2Fmedia&parent=26"}],"curies":[{"name":"wp","href":"https:\/\/api.w.org\/{rel}","templated":true}]}}